{"id":127,"date":"2024-03-29T12:14:02","date_gmt":"2024-03-29T12:14:02","guid":{"rendered":"https:\/\/wunsch-kennzeichen.at\/?page_id=127"},"modified":"2024-04-17T21:43:04","modified_gmt":"2024-04-17T21:43:04","slug":"impressum","status":"publish","type":"page","link":"https:\/\/wunsch-kennzeichen.at\/index.php\/impressum\/","title":{"rendered":"Impressum"},"content":{"rendered":"\t\t<div data-elementor-type=\"wp-page\" data-elementor-id=\"127\" class=\"elementor elementor-127\" data-elementor-post-type=\"page\">\n\t\t\t\t<div class=\"elementor-element elementor-element-03a2650 elementor-hidden-mobile e-flex e-con-boxed e-con e-parent\" data-id=\"03a2650\" data-element_type=\"container\" data-core-v316-plus=\"true\">\n\t\t\t\t\t<div class=\"e-con-inner\">\n\t\t<div class=\"elementor-element elementor-element-a2d284b e-con-full e-flex e-con e-child\" data-id=\"a2d284b\" data-element_type=\"container\">\n\t\t\t\t<div class=\"elementor-element elementor-element-8a29765 elementor-widget elementor-widget-spacer\" data-id=\"8a29765\" data-element_type=\"widget\" data-widget_type=\"spacer.default\">\n\t\t\t\t<div class=\"elementor-widget-container\">\n\t\t\t<style>\/*! elementor - v3.20.0 - 26-03-2024 *\/\n.elementor-column .elementor-spacer-inner{height:var(--spacer-size)}.e-con{--container-widget-width:100%}.e-con-inner>.elementor-widget-spacer,.e-con>.elementor-widget-spacer{width:var(--container-widget-width,var(--spacer-size));--align-self:var(--container-widget-align-self,initial);--flex-shrink:0}.e-con-inner>.elementor-widget-spacer>.elementor-widget-container,.e-con>.elementor-widget-spacer>.elementor-widget-container{height:100%;width:100%}.e-con-inner>.elementor-widget-spacer>.elementor-widget-container>.elementor-spacer,.e-con>.elementor-widget-spacer>.elementor-widget-container>.elementor-spacer{height:100%}.e-con-inner>.elementor-widget-spacer>.elementor-widget-container>.elementor-spacer>.elementor-spacer-inner,.e-con>.elementor-widget-spacer>.elementor-widget-container>.elementor-spacer>.elementor-spacer-inner{height:var(--container-widget-height,var(--spacer-size))}.e-con-inner>.elementor-widget-spacer.elementor-widget-empty,.e-con>.elementor-widget-spacer.elementor-widget-empty{position:relative;min-height:22px;min-width:22px}.e-con-inner>.elementor-widget-spacer.elementor-widget-empty .elementor-widget-empty-icon,.e-con>.elementor-widget-spacer.elementor-widget-empty .elementor-widget-empty-icon{position:absolute;top:0;bottom:0;left:0;right:0;margin:auto;padding:0;width:22px;height:22px}<\/style>\t\t<div class=\"elementor-spacer\">\n\t\t\t<div class=\"elementor-spacer-inner\"><\/div>\n\t\t<\/div>\n\t\t\t\t<\/div>\n\t\t\t\t<\/div>\n\t\t\t\t<div class=\"elementor-element elementor-element-ba19152 animated-slow elementor-invisible elementor-widget elementor-widget-heading\" data-id=\"ba19152\" data-element_type=\"widget\" data-settings=\"{&quot;_animation&quot;:&quot;slideInUp&quot;}\" data-widget_type=\"heading.default\">\n\t\t\t\t<div class=\"elementor-widget-container\">\n\t\t\t<style>\/*! elementor - v3.20.0 - 26-03-2024 *\/\n.elementor-heading-title{padding:0;margin:0;line-height:1}.elementor-widget-heading .elementor-heading-title[class*=elementor-size-]>a{color:inherit;font-size:inherit;line-height:inherit}.elementor-widget-heading .elementor-heading-title.elementor-size-small{font-size:15px}.elementor-widget-heading .elementor-heading-title.elementor-size-medium{font-size:19px}.elementor-widget-heading .elementor-heading-title.elementor-size-large{font-size:29px}.elementor-widget-heading .elementor-heading-title.elementor-size-xl{font-size:39px}.elementor-widget-heading .elementor-heading-title.elementor-size-xxl{font-size:59px}<\/style><h2 class=\"elementor-heading-title elementor-size-default\">Impressum<\/h2>\t\t<\/div>\n\t\t\t\t<\/div>\n\t\t\t\t<div class=\"elementor-element elementor-element-0e9a3c7 elementor-widget elementor-widget-spacer\" data-id=\"0e9a3c7\" data-element_type=\"widget\" data-widget_type=\"spacer.default\">\n\t\t\t\t<div class=\"elementor-widget-container\">\n\t\t\t\t\t<div class=\"elementor-spacer\">\n\t\t\t<div class=\"elementor-spacer-inner\"><\/div>\n\t\t<\/div>\n\t\t\t\t<\/div>\n\t\t\t\t<\/div>\n\t\t\t\t<\/div>\n\t\t\t\t\t<\/div>\n\t\t\t\t<\/div>\n\t\t<div class=\"elementor-element elementor-element-700845c e-flex e-con-boxed e-con e-parent\" data-id=\"700845c\" data-element_type=\"container\" data-core-v316-plus=\"true\">\n\t\t\t\t\t<div class=\"e-con-inner\">\n\t\t\t\t<div class=\"elementor-element elementor-element-905bd4d elementor-widget elementor-widget-text-editor\" data-id=\"905bd4d\" data-element_type=\"widget\" data-widget_type=\"text-editor.default\">\n\t\t\t\t<div class=\"elementor-widget-container\">\n\t\t\t<style>\/*! elementor - v3.20.0 - 26-03-2024 *\/\n.elementor-widget-text-editor.elementor-drop-cap-view-stacked .elementor-drop-cap{background-color:#69727d;color:#fff}.elementor-widget-text-editor.elementor-drop-cap-view-framed .elementor-drop-cap{color:#69727d;border:3px solid;background-color:transparent}.elementor-widget-text-editor:not(.elementor-drop-cap-view-default) .elementor-drop-cap{margin-top:8px}.elementor-widget-text-editor:not(.elementor-drop-cap-view-default) .elementor-drop-cap-letter{width:1em;height:1em}.elementor-widget-text-editor .elementor-drop-cap{float:left;text-align:center;line-height:1;font-size:50px}.elementor-widget-text-editor .elementor-drop-cap-letter{display:inline-block}<\/style>\t\t\t\t<p>SW Tech GmbH<br \/>Steindorfer Markus<br \/>9851 Lieserbr\u00fccke<br \/>Gartenstra\u00dfe 99<br \/>\u00d6sterreich<\/p><p>Firmenbuchnummer: FN 582920 k<\/p><p>Tel.: <strong><a href=\"tel:+436601204588\">+43 660 120 45 88<\/a><\/strong><br \/>E-Mail: <strong><a href=\"mailto:office@wunsch-kennzeichen.at\">office@wunsch-kennzeichen.at<\/a><\/strong><\/p><p>Umsatzsteuer-Identifikationsnummer gem\u00e4\u00df \u00a7 27 a Umsatzsteuergesetz: ATU78380404<\/p><p>Plattform der EU-Kommission zur Online-Streitbeilegung: http:\/\/ec.europa.eu\/consumers\/odr<\/p><p>Wir sind zur Teilnahme an einem Streitbeilegungsverfahren vor einer Verbraucherschlichtungsstelle weder verpflichtet noch bereit.<\/p><p><strong>EU-Streitschlichtung<\/strong><br \/>Gem\u00e4\u00df Verordnung \u00fcber Online-Streitbeilegung in Verbraucherangelegenheiten (ODR-Verordnung) m\u00f6chten wir Sie \u00fcber die Online-Streitbeilegungsplattform (OS-Plattform) informieren.<br \/>Verbraucher haben die M\u00f6glichkeit, Beschwerden an die Online Streitbeilegungsplattform der Europ\u00e4ischen Kommission unter http:\/\/ec.europa.eu\/odr?tid=121258683 zu richten. Die daf\u00fcr notwendigen Kontaktdaten finden Sie oberhalb in unserem Impressum.<\/p><p>Wir m\u00f6chten Sie jedoch darauf hinweisen, dass wir nicht bereit oder verpflichtet sind, an Streitbeilegungsverfahren vor einer Verbraucherschlichtungsstelle teilzunehmen.<\/p><p><strong>Haftung f\u00fcr Inhalte dieser Webseite<\/strong><br \/>Wir entwickeln die Inhalte dieser Webseite st\u00e4ndig weiter und bem\u00fchen uns korrekte und aktuelle Informationen bereitzustellen. Leider k\u00f6nnen wir keine Haftung f\u00fcr die Korrektheit aller Inhalte auf dieser Webseite \u00fcbernehmen, speziell f\u00fcr jene die seitens Dritter bereitgestellt wurden.<\/p><p>Sollten Ihnen problematische oder rechtswidrige Inhalte auffallen, bitten wir Sie uns umgehend zu kontaktieren, Sie finden die Kontaktdaten im Impressum.<\/p><p>Haftung f\u00fcr Links auf dieser Webseite<br \/>Unsere Webseite enth\u00e4lt Links zu anderen Webseiten f\u00fcr deren Inhalt wir nicht verantwortlich sind. Haftung f\u00fcr verlinkte Websites besteht laut \u00a7 17 ECG f\u00fcr uns nicht, da wir keine Kenntnis rechtswidriger T\u00e4tigkeiten hatten und haben, uns solche Rechtswidrigkeiten auch bisher nicht aufgefallen sind und wir Links sofort entfernen w\u00fcrden, wenn uns Rechtswidrigkeiten bekannt werden.<\/p><p>Wenn Ihnen rechtswidrige Links auf unserer Website auffallen, bitten wir Sie uns zu kontaktieren, Sie finden die Kontaktdaten im Impressum.<\/p><p><strong>Urheberrechtshinweis<\/strong><br \/>Alle Inhalte dieser Webseite (Bilder, Fotos, Texte, Videos) unterliegen dem Urheberrecht. Falls notwendig, werden wir die unerlaubte Nutzung von Teilen der Inhalte unserer Seite rechtlich verfolgen.<\/p><p>Sollten Sie auf dieser Webseite Inhalte finden, die das Urheberrecht verletzen, bitten wir Sie uns zu kontaktieren.<\/p><p><strong>Bildernachweis<\/strong><br \/>Die Bilder, Fotos und Grafiken auf dieser Webseite sind urheberrechtlich gesch\u00fctzt.<\/p><p>Die Bilderrechte liegen bei den folgenden Fotografen und Unternehmen:<\/p><p><strong>Shutterstock<\/strong><br \/>Quelle: Erstellt mit dem Datenschutz Generator von adsimple.at in Kooperation mit meinhaushalt.at<\/p>\t\t\t\t\t\t<\/div>\n\t\t\t\t<\/div>\n\t\t\t\t\t<\/div>\n\t\t\t\t<\/div>\n\t\t\t\t<\/div>\n\t\t","protected":false},"excerpt":{"rendered":"<p>Impressum SW Tech GmbHSteindorfer Markus9851 Lieserbr\u00fcckeGartenstra\u00dfe 99\u00d6sterreich Firmenbuchnummer: FN 582920 k Tel.: +43 660 120 45 88E-Mail: office@wunsch-kennzeichen.at Umsatzsteuer-Identifikationsnummer gem\u00e4\u00df \u00a7 27 a Umsatzsteuergesetz: ATU78380404 Plattform der EU-Kommission zur Online-Streitbeilegung: http:\/\/ec.europa.eu\/consumers\/odr Wir sind zur Teilnahme an einem Streitbeilegungsverfahren vor einer Verbraucherschlichtungsstelle weder verpflichtet noch bereit. EU-StreitschlichtungGem\u00e4\u00df Verordnung \u00fcber Online-Streitbeilegung in Verbraucherangelegenheiten (ODR-Verordnung) m\u00f6chten wir Sie [&hellip;]<\/p>\n","protected":false},"author":1,"featured_media":0,"parent":0,"menu_order":0,"comment_status":"closed","ping_status":"closed","template":"elementor_header_footer","meta":{"footnotes":""},"class_list":["post-127","page","type-page","status-publish","hentry"],"yoast_head":"<!-- This site is optimized with the Yoast SEO plugin v22.4 - https:\/\/yoast.com\/wordpress\/plugins\/seo\/ -->\n<title>Impressum | wunsch-kennzeichen.at<\/title>\n<meta name=\"description\" content=\"Offizielle Angaben gem\u00e4\u00df \u00a75 ECG: Kontaktdaten und rechtliche Informationen von wunsch-kennzeichen.at im Impressum.\" \/>\n<meta name=\"robots\" content=\"index, follow, max-snippet:-1, max-image-preview:large, max-video-preview:-1\" \/>\n<link rel=\"canonical\" href=\"https:\/\/wunsch-kennzeichen.at\/index.php\/impressum\/\" \/>\n<meta property=\"og:locale\" content=\"en_US\" \/>\n<meta property=\"og:type\" content=\"article\" \/>\n<meta property=\"og:title\" content=\"Impressum | wunsch-kennzeichen.at\" \/>\n<meta property=\"og:description\" content=\"Offizielle Angaben gem\u00e4\u00df \u00a75 ECG: Kontaktdaten und rechtliche Informationen von wunsch-kennzeichen.at im Impressum.\" \/>\n<meta property=\"og:url\" content=\"https:\/\/wunsch-kennzeichen.at\/index.php\/impressum\/\" \/>\n<meta property=\"og:site_name\" content=\"Dein Wunschkennzeichen\" \/>\n<meta property=\"article:modified_time\" content=\"2024-04-17T21:43:04+00:00\" \/>\n<meta name=\"twitter:card\" content=\"summary_large_image\" \/>\n<meta name=\"twitter:label1\" content=\"Est. reading time\" \/>\n\t<meta name=\"twitter:data1\" content=\"2 minutes\" \/>\n<script type=\"application\/ld+json\" class=\"yoast-schema-graph\">{\"@context\":\"https:\/\/schema.org\",\"@graph\":[{\"@type\":\"WebPage\",\"@id\":\"https:\/\/wunsch-kennzeichen.at\/index.php\/impressum\/\",\"url\":\"https:\/\/wunsch-kennzeichen.at\/index.php\/impressum\/\",\"name\":\"Impressum | wunsch-kennzeichen.at\",\"isPartOf\":{\"@id\":\"https:\/\/wunsch-kennzeichen.at\/#website\"},\"datePublished\":\"2024-03-29T12:14:02+00:00\",\"dateModified\":\"2024-04-17T21:43:04+00:00\",\"description\":\"Offizielle Angaben gem\u00e4\u00df \u00a75 ECG: Kontaktdaten und rechtliche Informationen von wunsch-kennzeichen.at im Impressum.\",\"breadcrumb\":{\"@id\":\"https:\/\/wunsch-kennzeichen.at\/index.php\/impressum\/#breadcrumb\"},\"inLanguage\":\"en-US\",\"potentialAction\":[{\"@type\":\"ReadAction\",\"target\":[\"https:\/\/wunsch-kennzeichen.at\/index.php\/impressum\/\"]}]},{\"@type\":\"BreadcrumbList\",\"@id\":\"https:\/\/wunsch-kennzeichen.at\/index.php\/impressum\/#breadcrumb\",\"itemListElement\":[{\"@type\":\"ListItem\",\"position\":1,\"name\":\"Home\",\"item\":\"https:\/\/wunsch-kennzeichen.at\/\"},{\"@type\":\"ListItem\",\"position\":2,\"name\":\"Impressum\"}]},{\"@type\":\"WebSite\",\"@id\":\"https:\/\/wunsch-kennzeichen.at\/#website\",\"url\":\"https:\/\/wunsch-kennzeichen.at\/\",\"name\":\"Dein Wunschkennzeichen\",\"description\":\"\",\"publisher\":{\"@id\":\"https:\/\/wunsch-kennzeichen.at\/#organization\"},\"potentialAction\":[{\"@type\":\"SearchAction\",\"target\":{\"@type\":\"EntryPoint\",\"urlTemplate\":\"https:\/\/wunsch-kennzeichen.at\/?s={search_term_string}\"},\"query-input\":\"required name=search_term_string\"}],\"inLanguage\":\"en-US\"},{\"@type\":\"Organization\",\"@id\":\"https:\/\/wunsch-kennzeichen.at\/#organization\",\"name\":\"Dein Wunschkennzeichen\",\"url\":\"https:\/\/wunsch-kennzeichen.at\/\",\"logo\":{\"@type\":\"ImageObject\",\"inLanguage\":\"en-US\",\"@id\":\"https:\/\/wunsch-kennzeichen.at\/#\/schema\/logo\/image\/\",\"url\":\"https:\/\/wunsch-kennzeichen.at\/wp-content\/uploads\/2024\/03\/cropped-kennzeichen-logo.webp\",\"contentUrl\":\"https:\/\/wunsch-kennzeichen.at\/wp-content\/uploads\/2024\/03\/cropped-kennzeichen-logo.webp\",\"width\":2008,\"height\":435,\"caption\":\"Dein Wunschkennzeichen\"},\"image\":{\"@id\":\"https:\/\/wunsch-kennzeichen.at\/#\/schema\/logo\/image\/\"}}]}<\/script>\n<!-- \/ Yoast SEO plugin. -->","yoast_head_json":{"title":"Impressum | wunsch-kennzeichen.at","description":"Offizielle Angaben gem\u00e4\u00df \u00a75 ECG: Kontaktdaten und rechtliche Informationen von wunsch-kennzeichen.at im Impressum.","robots":{"index":"index","follow":"follow","max-snippet":"max-snippet:-1","max-image-preview":"max-image-preview:large","max-video-preview":"max-video-preview:-1"},"canonical":"https:\/\/wunsch-kennzeichen.at\/index.php\/impressum\/","og_locale":"en_US","og_type":"article","og_title":"Impressum | wunsch-kennzeichen.at","og_description":"Offizielle Angaben gem\u00e4\u00df \u00a75 ECG: Kontaktdaten und rechtliche Informationen von wunsch-kennzeichen.at im Impressum.","og_url":"https:\/\/wunsch-kennzeichen.at\/index.php\/impressum\/","og_site_name":"Dein Wunschkennzeichen","article_modified_time":"2024-04-17T21:43:04+00:00","twitter_card":"summary_large_image","twitter_misc":{"Est. reading time":"2 minutes"},"schema":{"@context":"https:\/\/schema.org","@graph":[{"@type":"WebPage","@id":"https:\/\/wunsch-kennzeichen.at\/index.php\/impressum\/","url":"https:\/\/wunsch-kennzeichen.at\/index.php\/impressum\/","name":"Impressum | wunsch-kennzeichen.at","isPartOf":{"@id":"https:\/\/wunsch-kennzeichen.at\/#website"},"datePublished":"2024-03-29T12:14:02+00:00","dateModified":"2024-04-17T21:43:04+00:00","description":"Offizielle Angaben gem\u00e4\u00df \u00a75 ECG: Kontaktdaten und rechtliche Informationen von wunsch-kennzeichen.at im Impressum.","breadcrumb":{"@id":"https:\/\/wunsch-kennzeichen.at\/index.php\/impressum\/#breadcrumb"},"inLanguage":"en-US","potentialAction":[{"@type":"ReadAction","target":["https:\/\/wunsch-kennzeichen.at\/index.php\/impressum\/"]}]},{"@type":"BreadcrumbList","@id":"https:\/\/wunsch-kennzeichen.at\/index.php\/impressum\/#breadcrumb","itemListElement":[{"@type":"ListItem","position":1,"name":"Home","item":"https:\/\/wunsch-kennzeichen.at\/"},{"@type":"ListItem","position":2,"name":"Impressum"}]},{"@type":"WebSite","@id":"https:\/\/wunsch-kennzeichen.at\/#website","url":"https:\/\/wunsch-kennzeichen.at\/","name":"Dein Wunschkennzeichen","description":"","publisher":{"@id":"https:\/\/wunsch-kennzeichen.at\/#organization"},"potentialAction":[{"@type":"SearchAction","target":{"@type":"EntryPoint","urlTemplate":"https:\/\/wunsch-kennzeichen.at\/?s={search_term_string}"},"query-input":"required name=search_term_string"}],"inLanguage":"en-US"},{"@type":"Organization","@id":"https:\/\/wunsch-kennzeichen.at\/#organization","name":"Dein Wunschkennzeichen","url":"https:\/\/wunsch-kennzeichen.at\/","logo":{"@type":"ImageObject","inLanguage":"en-US","@id":"https:\/\/wunsch-kennzeichen.at\/#\/schema\/logo\/image\/","url":"https:\/\/wunsch-kennzeichen.at\/wp-content\/uploads\/2024\/03\/cropped-kennzeichen-logo.webp","contentUrl":"https:\/\/wunsch-kennzeichen.at\/wp-content\/uploads\/2024\/03\/cropped-kennzeichen-logo.webp","width":2008,"height":435,"caption":"Dein Wunschkennzeichen"},"image":{"@id":"https:\/\/wunsch-kennzeichen.at\/#\/schema\/logo\/image\/"}}]}},"_links":{"self":[{"href":"https:\/\/wunsch-kennzeichen.at\/index.php\/wp-json\/wp\/v2\/pages\/127","targetHints":{"allow":["GET"]}}],"collection":[{"href":"https:\/\/wunsch-kennzeichen.at\/index.php\/wp-json\/wp\/v2\/pages"}],"about":[{"href":"https:\/\/wunsch-kennzeichen.at\/index.php\/wp-json\/wp\/v2\/types\/page"}],"author":[{"embeddable":true,"href":"https:\/\/wunsch-kennzeichen.at\/index.php\/wp-json\/wp\/v2\/users\/1"}],"replies":[{"embeddable":true,"href":"https:\/\/wunsch-kennzeichen.at\/index.php\/wp-json\/wp\/v2\/comments?post=127"}],"version-history":[{"count":19,"href":"https:\/\/wunsch-kennzeichen.at\/index.php\/wp-json\/wp\/v2\/pages\/127\/revisions"}],"predecessor-version":[{"id":421,"href":"https:\/\/wunsch-kennzeichen.at\/index.php\/wp-json\/wp\/v2\/pages\/127\/revisions\/421"}],"wp:attachment":[{"href":"https:\/\/wunsch-kennzeichen.at\/index.php\/wp-json\/wp\/v2\/media?parent=127"}],"curies":[{"name":"wp","href":"https:\/\/api.w.org\/{rel}","templated":true}]}}